{"id":466,"date":"2019-12-17T09:50:15","date_gmt":"2019-12-17T08:50:15","guid":{"rendered":"https:\/\/ifit.ch\/?page_id=13"},"modified":"2024-02-10T16:59:13","modified_gmt":"2024-02-10T15:59:13","slug":"websites","status":"publish","type":"page","link":"https:\/\/ifit.click\/?page_id=466","title":{"rendered":"Websites"},"content":{"rendered":"\n<h3 class=\"wp-block-heading\" id=\"hinweis-auf-weitere-websites\">Hinweis auf weitere Websites<\/h3>\n\n\n\n<p>Wir m\u00f6chten Sie auf weitere Websites hinweisen (alphabetisch):<\/p>\n\n\n\n<ul class=\"wp-block-list\">\n<li><a href=\"https:\/\/ifit.at\" target=\"_blank\" rel=\"noreferrer noopener\">iFIT Austria<\/a><\/li>\n\n\n\n<li><a href=\"https:\/\/ifit.click\" target=\"_blank\" rel=\"noreferrer noopener\">iFIT Click<\/a><\/li>\n\n\n\n<li><a href=\"https:\/\/website.ifit.li\" target=\"_blank\" rel=\"noreferrer noopener\">iFIT Kirchenportal<\/a>&nbsp;(r\u00f6m.-kath. Kirche)<\/li>\n\n\n\n<li><a rel=\"noreferrer noopener\" href=\"https:\/\/www.ifit.li\" target=\"_blank\">iFIT Liechtenstein<\/a>&nbsp;(r\u00f6m.-kath. Kirche)<\/li>\n\n\n\n<li><a href=\"https:\/\/news.ifit.li\" target=\"_blank\" rel=\"noreferrer noopener\">iFIT News<\/a><\/li>\n\n\n\n<li><a rel=\"noreferrer noopener\" aria-label=\"iFIT Schweiz (\u00f6ffnet in einem neuem Tab)\" href=\"https:\/\/ifit.ch\/\" target=\"_blank\">iFIT Schweiz<\/a><\/li>\n<\/ul>\n\n\n\n<p>PS: Websites laufen verschl\u00fcsselt mit <a rel=\"noreferrer noopener\" href=\"https:\/\/de.wikipedia.org\/wiki\/HTTP_Strict_Transport_Security\" target=\"_blank\">HSTS<\/a> und <a rel=\"noreferrer noopener\" aria-label=\"HTTPS (opens in a new tab)\" href=\"https:\/\/de.wikipedia.org\/wiki\/Hypertext_Transfer_Protocol_Secure\" target=\"_blank\">HTTPS<\/a>!<\/p>\n\n\n\n<p class=\"has-text-align-center\"><a href=\"https:\/\/vds-ev.de\/allgemein\/aufrufe\/rettet-die-deutsche-sprache-vor-dem-duden\/\" target=\"_blank\" rel=\"noreferrer noopener\"><strong>Rettet die deutsche Sprache vor dem Duden!<\/strong><br><\/a><a href=\"https:\/\/www.youtube.com\/watch?v=YYqw510BqTY\" target=\"_blank\" rel=\"noreferrer noopener\"><strong>Unsere Sprache | Punktgenau.<\/strong><\/a><\/p>\n\n\n\n<p class=\"has-text-align-center\"><strong>Kardinal M\u00fcller:<\/strong>&nbsp;Die Gendersprache ist kein wissenschaftliches Kriterium, sondern ein Herrschaftsinstrument der Mediokren, geistig Minderbemittelten und autorit\u00e4ren F\u00fchrer mit Blockwartmentalit\u00e4t. Die gro\u00dfe Mehrheit der Deutschen [Anm. d. Redaktion: und auch aller deutschsprachigen Menschen] lehnt den Missbrauch ihrer Sprache zur geistigen Terrorisierung der Menschen rundweg ab.<br>Zitat aus <a rel=\"noreferrer noopener\" href=\"https:\/\/kath.net\/\" target=\"_blank\">kath.net<\/a>: M\u00fcller: <a rel=\"noreferrer noopener\" href=\"https:\/\/kath.net\/news\/75550\" target=\"_blank\">Kein Mensch darf \u201e\u00fcber Leben und Freiheit des Gewissens und Glaubens anderer entscheiden\u201c<\/a><\/p>\n\n\n\n<p class=\"has-text-align-center\"><a href=\"mailto:web@ifit.ch\" target=\"_blank\" rel=\"noreferrer noopener\">Webmaster<\/a> (\u2190 click to send an eMail)<br>\u00a9 Copyright 2003-2024 by <a href=\"https:\/\/ifit.ch\/\" target=\"_blank\" rel=\"noreferrer noopener\">iFIT<\/a>.<\/p>\n","protected":false},"excerpt":{"rendered":"<p>Hinweis auf weitere Websites Wir m\u00f6chten Sie auf weitere Websites hinweisen (alphabetisch): PS: Websites laufen verschl\u00fcsselt mit HSTS und HTTPS! Rettet die deutsche Sprache vor dem Duden!Unsere Sprache | Punktgenau. Kardinal M\u00fcller:&nbsp;Die Gendersprache ist kein wissenschaftliches Kriterium, sondern ein Herrschaftsinstrument der Mediokren, geistig Minderbemittelten und autorit\u00e4ren F\u00fchrer mit Blockwartmentalit\u00e4t. Die gro\u00dfe Mehrheit der Deutschen [Anm. [&hellip;]<\/p>\n","protected":false},"author":1,"featured_media":0,"parent":0,"menu_order":0,"comment_status":"closed","ping_status":"closed","template":"","meta":{"footnotes":""},"class_list":["post-466","page","type-page","status-publish","hentry"],"_links":{"self":[{"href":"https:\/\/ifit.click\/index.php?rest_route=\/wp\/v2\/pages\/466","targetHints":{"allow":["GET"]}}],"collection":[{"href":"https:\/\/ifit.click\/index.php?rest_route=\/wp\/v2\/pages"}],"about":[{"href":"https:\/\/ifit.click\/index.php?rest_route=\/wp\/v2\/types\/page"}],"author":[{"embeddable":true,"href":"https:\/\/ifit.click\/index.php?rest_route=\/wp\/v2\/users\/1"}],"replies":[{"embeddable":true,"href":"https:\/\/ifit.click\/index.php?rest_route=%2Fwp%2Fv2%2Fcomments&post=466"}],"version-history":[{"count":4,"href":"https:\/\/ifit.click\/index.php?rest_route=\/wp\/v2\/pages\/466\/revisions"}],"predecessor-version":[{"id":551,"href":"https:\/\/ifit.click\/index.php?rest_route=\/wp\/v2\/pages\/466\/revisions\/551"}],"wp:attachment":[{"href":"https:\/\/ifit.click\/index.php?rest_route=%2Fwp%2Fv2%2Fmedia&parent=466"}],"curies":[{"name":"wp","href":"https:\/\/api.w.org\/{rel}","templated":true}]}}